{"id":4018,"date":"2025-04-10T10:19:30","date_gmt":"2025-04-10T10:19:30","guid":{"rendered":"https:\/\/teknobotanica.com\/product\/motosega-stihl-ms-271-con-barra-da-45-cm\/"},"modified":"2026-03-02T17:31:27","modified_gmt":"2026-03-02T17:31:27","slug":"motosega-stihl-ms-271-con-barra-da-45-cm","status":"publish","type":"product","link":"https:\/\/teknobotanica.com\/en\/product\/motosega-stihl-ms-271-con-barra-da-45-cm\/","title":{"rendered":"Motosega STIHL MS 271 con barra da 45 cm + AFFILATORE 2 IN 1 OMAGGIO"},"content":{"rendered":"<p><strong>Dati Tecnici <\/strong><\/p>\n<p>Barra 45 cm<\/p>\n<p>Cilindrata 50,2 cm\u00b3<\/p>\n<p>Potenza2,6\/3,5 kW\/CV<\/p>\n<p>CO2717 g\/kWh<\/p>\n<p>Peso 5,6 kg<\/p>\n<ul class=\"m_infobox_product-detail__highlights-list__bulletlist\">\n<li class=\"m_infobox_product-detail__highlights-list__bulletlist-item\">Motosega a scoppio professionale universale<\/li>\n<li class=\"m_infobox_product-detail__highlights-list__bulletlist-item\">Potente motosega a scoppio per la raccolta della legna da ardere<\/li>\n<li class=\"m_infobox_product-detail__highlights-list__bulletlist-item\">Per lavori in agricoltura, edilizia e orticoltura<\/li>\n<li class=\"m_infobox_product-detail__highlights-list__bulletlist-item\">Per lavori forestali in stand di piccole e medie dimensioni<\/li>\n<li class=\"m_infobox_product-detail__highlights-list__bulletlist-item\">Lunghi intervalli di manutenzione grazie al sistema di filtraggio dell\u2019aria a lungo termine<\/li>\n<li class=\"m_infobox_product-detail__highlights-list__bulletlist-item\">Tensione catena laterale<\/li>\n<li class=\"m_infobox_product-detail__highlights-list__bulletlist-item\">Con barra leggera e catena .325\u2033-RM3 Pro per prestazioni di taglio elevate<\/li>\n<\/ul>\n<p>Con STIHL MS 271 hai un supporto efficace per i lavori in agricoltura, nella cura del paesaggio e del giardino.\u00a0Questa motosega \u00e8 ideale per la raccolta della\u00a0legna da ardere, la\u00a0costruzione con il legno\u00a0e la cura del paesaggio. STIHL MS 271 \u00e8 dotata di un\u00a0motore STIHL 2-MIX\u00a0da 2,6 kW (3,5 CV). Questo, in combinazione con la catena STIHL .325\u2033-RS3 Pro, offre un\u2019ottima capacit\u00e0 di taglio. La tua efficacia \u00e8 ulteriormente migliorata dalla barra guida STIHL Light 04, poich\u00e9 la struttura leggera riduce il peso. Anche il comando a leva unica rende il lavoro pi\u00f9 semplice, poich\u00e9 tutte le funzioni essenziali sono sempre raggiungibili con la mano destra, che pu\u00f2 rimanere sul manico.<\/p>\n<p>Per lavorare il pi\u00f9 a lungo possibile senza interruzioni, la motosega \u00e8 dotata di una pre-separazione. Le particelle di sporco pi\u00f9 grandi non raggiungono il filtro, riducendo la necessit\u00e0 di pulirlo frequentemente. Se aggiorni questa motosega con un filtro dell\u2019aria HD2, puoi sfruttare i vantaggi del sistema di filtraggio dell\u2019aria a lunga durata.<\/p>\n<p><strong>AFFILATORE 2 IN 1 IN OMAGGIO<\/strong><\/p>","protected":false},"excerpt":{"rendered":"<p>Dati Tecnici Barra 45 cm Cilindrata 50,2 cm\u00b3 Potenza2,6\/3,5 kW\/CV CO2717 g\/kWh Peso 5,6 kg Motosega a scoppio professionale universale Potente motosega a scoppio per la raccolta della legna da ardere Per lavori in agricoltura, edilizia e orticoltura Per lavori forestali in stand di piccole e medie dimensioni Lunghi intervalli di manutenzione grazie al sistema<\/p>\n<div class=\"klb-readmore button\"><a class=\"btn link\" href=\"https:\/\/teknobotanica.com\/en\/product\/motosega-stihl-ms-271-con-barra-da-45-cm\/\">Read More <i class=\"klbth-icon-right-arrow\"><\/i><\/a><\/div>","protected":false},"featured_media":6782,"comment_status":"open","ping_status":"closed","template":"","meta":[],"product_brand":[170],"product_cat":[411,413,536,447],"product_tag":[171,193,183],"class_list":{"0":"post-4018","1":"product","2":"type-product","3":"status-publish","4":"has-post-thumbnail","6":"product_brand-stihl","7":"product_cat-macchine","8":"product_cat-motoseghe","9":"product_cat-promozione","10":"product_cat-stihl","11":"product_tag-giardinaggio","12":"product_tag-motosega","13":"product_tag-stihl","14":"product_shipping_class-pacchi-leggeri","16":"first","17":"instock","18":"sale","19":"shipping-taxable","20":"purchasable","21":"product-type-simple"},"_links":{"self":[{"href":"https:\/\/teknobotanica.com\/en\/wp-json\/wp\/v2\/product\/4018","targetHints":{"allow":["GET"]}}],"collection":[{"href":"https:\/\/teknobotanica.com\/en\/wp-json\/wp\/v2\/product"}],"about":[{"href":"https:\/\/teknobotanica.com\/en\/wp-json\/wp\/v2\/types\/product"}],"replies":[{"embeddable":true,"href":"https:\/\/teknobotanica.com\/en\/wp-json\/wp\/v2\/comments?post=4018"}],"wp:featuredmedia":[{"embeddable":true,"href":"https:\/\/teknobotanica.com\/en\/wp-json\/wp\/v2\/media\/6782"}],"wp:attachment":[{"href":"https:\/\/teknobotanica.com\/en\/wp-json\/wp\/v2\/media?parent=4018"}],"wp:term":[{"taxonomy":"product_brand","embeddable":true,"href":"https:\/\/teknobotanica.com\/en\/wp-json\/wp\/v2\/product_brand?post=4018"},{"taxonomy":"product_cat","embeddable":true,"href":"https:\/\/teknobotanica.com\/en\/wp-json\/wp\/v2\/product_cat?post=4018"},{"taxonomy":"product_tag","embeddable":true,"href":"https:\/\/teknobotanica.com\/en\/wp-json\/wp\/v2\/product_tag?post=4018"}],"curies":[{"name":"wp","href":"https:\/\/api.w.org\/{rel}","templated":true}]}}