{"id":4019,"date":"2025-04-10T10:19:30","date_gmt":"2025-04-10T10:19:30","guid":{"rendered":"https:\/\/teknobotanica.com\/product\/motosega-stihl-ms-151-tc\/"},"modified":"2026-03-02T09:18:55","modified_gmt":"2026-03-02T09:18:55","slug":"motosega-stihl-ms-151-tc","status":"publish","type":"product","link":"https:\/\/teknobotanica.com\/en\/product\/motosega-stihl-ms-151-tc\/","title":{"rendered":"Motosega STIHL MS 151 TC-E"},"content":{"rendered":"<p><strong>Leggerissima motosega per la cura degli alberi.<\/strong><\/p>\n<p>La potente motosega per la cura degli alberi STIHL MS 151 TC-E brilla con un peso di soli 2,6 kg, risultando una delle motoseghe per la\u00a0cura degli alberi\u00a0pi\u00f9 leggere di STIHL. La motosega speciale per professionisti \u00e8 ideale per vari lavori di cura degli alberi come la rimozione di legno morto, la cura delle chiome o la rimozione di polloni e germogli. La maneggevole motosega con impugnatura superiore consente di lavorare in modo efficiente in spazi ristretti e convince con il suo taglio fine. Il suo peso ridotto permette un lavoro ergonomico e meno faticoso. Tra gli altri vantaggi di questa motosega ci sono: un avviamento semplice e meno faticoso grazie alla pompa manuale del carburante e al\u00a0sistema STIHL ErgoStart, un\u2019elevata capacit\u00e0 di taglio grazie al\u00a0motore STIHL 2-MIX\u00a0parsimonioso, lavori particolarmente delicati grazie all\u2019uso della catena 1\/4\u201d-PM3. La STIHL MS 151 TC-E \u00e8 dotata del\u00a0sistema antivibrante STIHL, che riduce l\u2019affaticamento di muscoli e articolazioni durante il lavoro.<\/p>\n<p><strong>ATTENZIONE:\u00a0Questa motosega \u00e8 destinata solo a professionisti formati nella cura degli alberi. L\u2019uso senza una formazione adeguata pu\u00f2 causare gravi lesioni.<\/strong><\/p>\n<p>Se desideri acquistare direttamente l\u2019equipaggiamento di base per la protezione personale con questa motosega, il kit\u00a0STIHL FUNCTION\u00a0MS\u00a0\u00e8 un\u2019opzione ideale. Questo kit pu\u00f2 essere utilizzato comodamente da pi\u00f9 persone, poich\u00e9 tutti i componenti sono adatti a diverse taglie e possono essere indossati e tolti rapidamente.<\/p>\n<p><strong>Dati Tecnici<\/strong><\/p>\n<p>Barra 25 cm<\/p>\n<p>Cilindrata23,6 cm\u00b3<\/p>\n<p>Potenza1,1\/1,5 kW\/CV<\/p>\n<p>CO2886 g\/kWh<\/p>\n<p>Peso del dispositivo 2,6 kg<\/p>","protected":false},"excerpt":{"rendered":"<p>Leggerissima motosega per la cura degli alberi. La potente motosega per la cura degli alberi STIHL MS 151 TC-E brilla con un peso di soli 2,6 kg, risultando una delle motoseghe per la\u00a0cura degli alberi\u00a0pi\u00f9 leggere di STIHL. La motosega speciale per professionisti \u00e8 ideale per vari lavori di cura degli alberi come la rimozione<\/p>\n<div class=\"klb-readmore button\"><a class=\"btn link\" href=\"https:\/\/teknobotanica.com\/en\/product\/motosega-stihl-ms-151-tc\/\">Read More <i class=\"klbth-icon-right-arrow\"><\/i><\/a><\/div>","protected":false},"featured_media":5220,"comment_status":"open","ping_status":"closed","template":"","meta":[],"product_brand":[170],"product_cat":[411,413,447],"product_tag":[171,193,183],"class_list":{"0":"post-4019","1":"product","2":"type-product","3":"status-publish","4":"has-post-thumbnail","6":"product_brand-stihl","7":"product_cat-macchine","8":"product_cat-motoseghe","9":"product_cat-stihl","10":"product_tag-giardinaggio","11":"product_tag-motosega","12":"product_tag-stihl","13":"product_shipping_class-pacchi-leggeri","15":"first","16":"instock","17":"sale","18":"shipping-taxable","19":"purchasable","20":"product-type-simple"},"_links":{"self":[{"href":"https:\/\/teknobotanica.com\/en\/wp-json\/wp\/v2\/product\/4019","targetHints":{"allow":["GET"]}}],"collection":[{"href":"https:\/\/teknobotanica.com\/en\/wp-json\/wp\/v2\/product"}],"about":[{"href":"https:\/\/teknobotanica.com\/en\/wp-json\/wp\/v2\/types\/product"}],"replies":[{"embeddable":true,"href":"https:\/\/teknobotanica.com\/en\/wp-json\/wp\/v2\/comments?post=4019"}],"wp:featuredmedia":[{"embeddable":true,"href":"https:\/\/teknobotanica.com\/en\/wp-json\/wp\/v2\/media\/5220"}],"wp:attachment":[{"href":"https:\/\/teknobotanica.com\/en\/wp-json\/wp\/v2\/media?parent=4019"}],"wp:term":[{"taxonomy":"product_brand","embeddable":true,"href":"https:\/\/teknobotanica.com\/en\/wp-json\/wp\/v2\/product_brand?post=4019"},{"taxonomy":"product_cat","embeddable":true,"href":"https:\/\/teknobotanica.com\/en\/wp-json\/wp\/v2\/product_cat?post=4019"},{"taxonomy":"product_tag","embeddable":true,"href":"https:\/\/teknobotanica.com\/en\/wp-json\/wp\/v2\/product_tag?post=4019"}],"curies":[{"name":"wp","href":"https:\/\/api.w.org\/{rel}","templated":true}]}}