{"id":4726,"date":"2025-06-24T09:17:53","date_gmt":"2025-06-24T09:17:53","guid":{"rendered":"https:\/\/teknobotanica.com\/?post_type=product&#038;p=4726"},"modified":"2026-02-24T18:37:22","modified_gmt":"2026-02-24T18:37:22","slug":"kit-service-manutenzione-n-13-stihl-essenziale-per-le-motoseghe-ms271-ms291-ms311-ms391","status":"publish","type":"product","link":"https:\/\/teknobotanica.com\/en\/product\/kit-service-manutenzione-n-13-stihl-essenziale-per-le-motoseghe-ms271-ms291-ms311-ms391\/","title":{"rendered":"Kit Service Manutenzione STIHL n.13 per motoseghe ms271, ms291, ms311, ms391"},"content":{"rendered":"<p>Questo kit di manutenzione del marchio Stihl contiene: un filtro dell\u2019aria, un filtro del carburante e una candela.<\/p>\n<p>Questo kit di manutenzione \u00e8 essenziale per la tua motosega. Ti offrir\u00e0: maggiore longevit\u00e0 e prestazioni a lungo termine. Inoltre, \u00e8 facile da installare, grazie al codice QR sul retro del prodotto, che mostra un video tutorial per l\u2019installazione.<\/p>\n<p>Questo kit contiene solo parti originali del marchio STIHL:<\/p>\n<ul>\n<li>Un filtro dell\u2019aria<\/li>\n<li>Un filtro del carburante<\/li>\n<li>Una candela<\/li>\n<li>Un gancio per cambiare il filtro del carburante<\/li>\n<\/ul>","protected":false},"excerpt":{"rendered":"<p>Questo kit di manutenzione del marchio Stihl contiene: un filtro dell\u2019aria, un filtro del carburante e una candela. Questo kit di manutenzione \u00e8 essenziale per la tua motosega. Ti offrir\u00e0: maggiore longevit\u00e0 e prestazioni a lungo termine. Inoltre, \u00e8 facile da installare, grazie al codice QR sul retro del prodotto, che mostra un video tutorial<\/p>\n<div class=\"klb-readmore button\"><a class=\"btn link\" href=\"https:\/\/teknobotanica.com\/en\/product\/kit-service-manutenzione-n-13-stihl-essenziale-per-le-motoseghe-ms271-ms291-ms311-ms391\/\">Read More <i class=\"klbth-icon-right-arrow\"><\/i><\/a><\/div>","protected":false},"featured_media":4727,"comment_status":"open","ping_status":"closed","template":"","meta":[],"product_brand":[170],"product_cat":[434,410],"product_tag":[224,435,183],"class_list":{"0":"post-4726","1":"product","2":"type-product","3":"status-publish","4":"has-post-thumbnail","6":"product_brand-stihl","7":"product_cat-manutenzione","8":"product_cat-ricambi-e-accessori","9":"product_tag-kit-manutenzione","10":"product_tag-manutenzione","11":"product_tag-stihl","13":"first","14":"instock","15":"sale","16":"shipping-taxable","17":"purchasable","18":"product-type-simple"},"_links":{"self":[{"href":"https:\/\/teknobotanica.com\/en\/wp-json\/wp\/v2\/product\/4726","targetHints":{"allow":["GET"]}}],"collection":[{"href":"https:\/\/teknobotanica.com\/en\/wp-json\/wp\/v2\/product"}],"about":[{"href":"https:\/\/teknobotanica.com\/en\/wp-json\/wp\/v2\/types\/product"}],"replies":[{"embeddable":true,"href":"https:\/\/teknobotanica.com\/en\/wp-json\/wp\/v2\/comments?post=4726"}],"wp:featuredmedia":[{"embeddable":true,"href":"https:\/\/teknobotanica.com\/en\/wp-json\/wp\/v2\/media\/4727"}],"wp:attachment":[{"href":"https:\/\/teknobotanica.com\/en\/wp-json\/wp\/v2\/media?parent=4726"}],"wp:term":[{"taxonomy":"product_brand","embeddable":true,"href":"https:\/\/teknobotanica.com\/en\/wp-json\/wp\/v2\/product_brand?post=4726"},{"taxonomy":"product_cat","embeddable":true,"href":"https:\/\/teknobotanica.com\/en\/wp-json\/wp\/v2\/product_cat?post=4726"},{"taxonomy":"product_tag","embeddable":true,"href":"https:\/\/teknobotanica.com\/en\/wp-json\/wp\/v2\/product_tag?post=4726"}],"curies":[{"name":"wp","href":"https:\/\/api.w.org\/{rel}","templated":true}]}}