{"id":4929,"date":"2025-08-26T10:01:37","date_gmt":"2025-08-26T10:01:37","guid":{"rendered":"https:\/\/teknobotanica.com\/?post_type=product&#038;p=4929"},"modified":"2026-02-24T18:38:10","modified_gmt":"2026-02-24T18:38:10","slug":"motosega-stihl-ms-391","status":"publish","type":"product","link":"https:\/\/teknobotanica.com\/en\/product\/motosega-stihl-ms-391\/","title":{"rendered":"Motosega STIHL MS 391 barra da 50 3\/8 1,6 mm"},"content":{"rendered":"<div class=\"product-details__grid--item\">\n<p class=\"product-details__title\"><strong>Motosega universale moderna e potente<\/strong><\/p>\n<div class=\"product-details__description richtexteditor\">\n<p>Per agricoltori, artigiani e manutentori del paesaggio, STIHL MS 391 con lama 50 3\/8 1,6 mm combina un\u2019elevata capacit\u00e0 di taglio con il comfort. I principali campi di applicazione sono il <a href=\"https:\/\/www.stihl.it\/it\/diy-stihl\/manutenzione-attrezzi-da-giardino\/come-usare-la-motosega\/taglio-legna-da-ardere\" target=\"_blank\" rel=\"noopener\"><strong>taglio della legna da ardere<\/strong><\/a>, la cura del paesaggio e il taglio del legname da costruzione. STIHL MS 391 si distingue per una potenza di 3,3 kW (4,5 CV) e raggiunge un rapporto peso\/potenza ottimale di 1,9 kg\/kW. La motosega \u00e8 alimentata da un\u00a0<a href=\"https:\/\/www.stihl.it\/it\/tecnologia-stihl\/motori-stihl\/motore-2-mix\" target=\"_blank\" rel=\"noopener\"><strong>motore STIHL 2-MIX<\/strong><\/a>\u00a0potente ed economico. Per avviare la motosega con il minimo sforzo, STIHL MS 391 \u00e8 dotata di una valvola di decompressione che riduce significativamente la forza necessaria per tirare la corda di avviamento. Altre caratteristiche della motosega includono:<\/p>\n<ul>\n<li>Una pompa dell\u2019olio regolabile per un\u2019erogazione dell\u2019olio adeguata alle esigenze. Questo permette di ottimizzare la lubrificazione per barre di taglio molto lunghe o legno molto secco e di ridurre il consumo di olio in altri casi. Il sistema STIHL Ematic garantisce che ogni goccia d\u2019olio arrivi esattamente dove \u00e8 necessaria.<\/li>\n<li>La pre-separazione rimuove le particelle di sporco pi\u00f9 grandi, alleggerendo cos\u00ec il filtro vero e proprio. Se aggiorni la tua MS 391 con un\u00a0<a href=\"https:\/\/www.stihl.it\/it\/tecnologia-stihl\/motori-stihl\/sistema-di-filtraggio-dellaria-a-lungo-termine\" target=\"_blank\" rel=\"noopener\"><strong>filtro dell\u2019aria HD2<\/strong><\/a>, avrai un sistema di filtraggio dell\u2019aria a lunga durata, che ti permette di lavorare pi\u00f9 a lungo senza interruzioni e riduce il numero di pulizie del filtro.<\/li>\n<li>Se desideri acquistare direttamente l\u2019equipaggiamento di base per la protezione personale con questa motosega, \u00e8 disponibile il\u00a0<a href=\"https:\/\/www.stihl.it\/it\/ap\/function-kit-ms-196933\" target=\"_blank\" rel=\"noopener\"><strong>kit STIHL FUNCTION\u00a0MS<\/strong><\/a>. Questo pu\u00f2 essere utilizzato comodamente da pi\u00f9 persone, poich\u00e9 tutti i componenti sono adatti a diverse taglie e possono essere indossati e tolti rapidamente.<\/li>\n<\/ul>\n<\/div>\n<\/div>\n<div class=\"product-details__image\">\n<div class=\"product-image product-image--product-details\"><\/div>\n<\/div>","protected":false},"excerpt":{"rendered":"<p>Motosega universale moderna e potente Per agricoltori, artigiani e manutentori del paesaggio, STIHL MS 391 con lama 50 3\/8 1,6 mm combina un\u2019elevata capacit\u00e0 di taglio con il comfort. I principali campi di applicazione sono il taglio della legna da ardere, la cura del paesaggio e il taglio del legname da costruzione. STIHL MS 391<\/p>\n<div class=\"klb-readmore button\"><a class=\"btn link\" href=\"https:\/\/teknobotanica.com\/en\/product\/motosega-stihl-ms-391\/\">Read More <i class=\"klbth-icon-right-arrow\"><\/i><\/a><\/div>","protected":false},"featured_media":4930,"comment_status":"open","ping_status":"closed","template":"","meta":[],"product_brand":[170],"product_cat":[411,413,447],"product_tag":[193,278,183],"class_list":{"0":"post-4929","1":"product","2":"type-product","3":"status-publish","4":"has-post-thumbnail","6":"product_brand-stihl","7":"product_cat-macchine","8":"product_cat-motoseghe","9":"product_cat-stihl","10":"product_tag-motosega","11":"product_tag-motosega-stihl-391","12":"product_tag-stihl","14":"first","15":"instock","16":"sale","17":"shipping-taxable","18":"purchasable","19":"product-type-simple"},"_links":{"self":[{"href":"https:\/\/teknobotanica.com\/en\/wp-json\/wp\/v2\/product\/4929","targetHints":{"allow":["GET"]}}],"collection":[{"href":"https:\/\/teknobotanica.com\/en\/wp-json\/wp\/v2\/product"}],"about":[{"href":"https:\/\/teknobotanica.com\/en\/wp-json\/wp\/v2\/types\/product"}],"replies":[{"embeddable":true,"href":"https:\/\/teknobotanica.com\/en\/wp-json\/wp\/v2\/comments?post=4929"}],"wp:featuredmedia":[{"embeddable":true,"href":"https:\/\/teknobotanica.com\/en\/wp-json\/wp\/v2\/media\/4930"}],"wp:attachment":[{"href":"https:\/\/teknobotanica.com\/en\/wp-json\/wp\/v2\/media?parent=4929"}],"wp:term":[{"taxonomy":"product_brand","embeddable":true,"href":"https:\/\/teknobotanica.com\/en\/wp-json\/wp\/v2\/product_brand?post=4929"},{"taxonomy":"product_cat","embeddable":true,"href":"https:\/\/teknobotanica.com\/en\/wp-json\/wp\/v2\/product_cat?post=4929"},{"taxonomy":"product_tag","embeddable":true,"href":"https:\/\/teknobotanica.com\/en\/wp-json\/wp\/v2\/product_tag?post=4929"}],"curies":[{"name":"wp","href":"https:\/\/api.w.org\/{rel}","templated":true}]}}