{"id":4953,"date":"2025-09-02T16:56:51","date_gmt":"2025-09-02T16:56:51","guid":{"rendered":"https:\/\/teknobotanica.com\/?post_type=product&#038;p=4953"},"modified":"2026-02-24T18:37:13","modified_gmt":"2026-02-24T18:37:13","slug":"generatore-zanetti-zbg-2000-ise","status":"publish","type":"product","link":"https:\/\/teknobotanica.com\/en\/product\/generatore-zanetti-zbg-2000-ise\/","title":{"rendered":"Generatore Zanetti ZBG 2000 iSE"},"content":{"rendered":"<p>Il ZBG 2000 \u00e8 un generatore compatto e potente, perfetto per chi cerca portabilit\u00e0 e funzionalit\u00e0 avanzate. Con il radiocomando WSS per l\u2019avvio e lo spegnimento da remoto, \u00e8 possibile gestire l\u2019alimentazione a distanza, garantendo massima comodit\u00e0 in ogni situazione. Questo modello offre una soluzione pratica per usi domestici e hobbistici, unendo potenza e controllo.<\/p>\n<div class=\"elementor-element elementor-element-175ffc3 e-flex e-con-boxed e-con e-parent e-lazyloaded\" data-id=\"175ffc3\" data-element_type=\"container\" data-settings=\"{&quot;background_background&quot;:&quot;classic&quot;,&quot;shape_divider_top&quot;:&quot;curve&quot;,&quot;shape_divider_bottom&quot;:&quot;curve&quot;,&quot;_ha_eqh_enable&quot;:false}\">\n<div class=\"e-con-inner\">\n<div class=\"elementor-element elementor-element-e537f68 e-n-tabs-mobile elementor-widget elementor-widget-n-tabs\" data-id=\"e537f68\" data-element_type=\"widget\" data-settings=\"{&quot;tabs_justify_horizontal&quot;:&quot;stretch&quot;,&quot;horizontal_scroll&quot;:&quot;disable&quot;}\" data-widget_type=\"nested-tabs.default\">\n<div class=\"elementor-widget-container\">\n<div class=\"e-n-tabs e-activated\" data-widget-number=\"240353128\" aria-label=\"Schede. Apri gli elementi con Invio o Spazio, chiudili con Esc e naviga con i tasti freccia.\" data-touch-mode=\"false\">\n<div class=\"e-n-tabs-heading\" role=\"tablist\" data-page-x=\"\"><\/div>\n<div class=\"e-n-tabs-content\">\n<div id=\"e-n-tab-content-2403531281\" class=\"e-active elementor-element elementor-element-c7aa146 e-con-full e-flex e-con e-child\" role=\"tabpanel\" aria-labelledby=\"specifiche\" data-tab-index=\"1\" data-id=\"c7aa146\" data-element_type=\"container\" data-settings=\"{&quot;background_background&quot;:&quot;classic&quot;,&quot;_ha_eqh_enable&quot;:false}\">\n<div class=\"elementor-element elementor-element-5ad06e9 elementor-widget elementor-widget-shortcode\" data-id=\"5ad06e9\" data-element_type=\"widget\" data-widget_type=\"shortcode.default\">\n<div class=\"elementor-widget-container\">\n<div class=\"elementor-shortcode\">\n<table>\n<tbody>\n<tr>\n<td>Tipo<\/td>\n<td>Monofase<\/td>\n<\/tr>\n<tr>\n<td>Potenza massima (kW max 5 minuti)<\/td>\n<td>1,8<\/td>\n<\/tr>\n<tr>\n<td>Potenza continua (kW)<\/td>\n<td>1,7<\/td>\n<\/tr>\n<tr>\n<td>Tensione (V)<\/td>\n<td>230<\/td>\n<\/tr>\n<tr>\n<td>Frequenza (Hz)<\/td>\n<td>50<\/td>\n<\/tr>\n<tr>\n<td>Corrente continua in uscita (V\/A)<\/td>\n<td>12\/8,3<\/td>\n<\/tr>\n<tr>\n<td>Capacit\u00e0 serbatoio (Lt)<\/td>\n<td>4<\/td>\n<\/tr>\n<tr>\n<td>Autonomia al 50% (h)<\/td>\n<td>7<\/td>\n<\/tr>\n<tr>\n<td>Kit ruote<\/td>\n<td>No<\/td>\n<\/tr>\n<tr>\n<td>Batteria<\/td>\n<td>S\u00ec<\/td>\n<\/tr>\n<tr>\n<td>Peso a secco (Kg)<\/td>\n<td>19,5<\/td>\n<\/tr>\n<tr>\n<td>Dimensioni mm (LxLxH)<\/td>\n<td>430x260x450<\/td>\n<\/tr>\n<tr>\n<td>Tipologia Prese<\/td>\n<td>1x16A\/250V IP44<\/td>\n<\/tr>\n<tr>\n<td>Presa USB<\/td>\n<td>S\u00ec<\/td>\n<\/tr>\n<tr>\n<td>Pressione acustica LpA @ 7mt (dB(A))<\/td>\n<td>59<\/td>\n<\/tr>\n<tr>\n<td>T.H.D. Total Harmonic Distorsion (%)<\/td>\n<td>\u2264 3<\/td>\n<\/tr>\n<tr>\n<td>Tipo motore<\/td>\n<td>148F<\/td>\n<\/tr>\n<tr>\n<td>Cilindrata motore(cc)<\/td>\n<td>79<\/td>\n<\/tr>\n<tr>\n<td>Potenza motore Kw<\/td>\n<td>2,3<\/td>\n<\/tr>\n<tr>\n<td>Numero di giri motore (rpm)<\/td>\n<td>4300<\/td>\n<\/tr>\n<tr>\n<td>Raffreddamento motore<\/td>\n<td>Aria<\/td>\n<\/tr>\n<tr>\n<td>Avviamento motore<\/td>\n<td>Autoavvolgente \u2013 Elettrico (Remoto)<\/td>\n<\/tr>\n<tr>\n<td>Regolatore tensione<\/td>\n<td>Inverter<\/td>\n<\/tr>\n<tr>\n<td>M.F.Di \u2013 Multi-functional Display<\/td>\n<td>\u2013<\/td>\n<\/tr>\n<tr>\n<td>Grado di protezione IP<\/td>\n<td>IP23M<\/td>\n<\/tr>\n<tr>\n<td>Voltmetro<\/td>\n<td>\u2013<\/td>\n<\/tr>\n<tr>\n<td>V.F.R.T. \u2013 Voltometer, Frequency, Run Time, Total Time<\/td>\n<td>S\u00ec<\/td>\n<\/tr>\n<tr>\n<td>Dispositivo allarme olio<\/td>\n<td>S\u00ec<\/td>\n<\/tr>\n<tr>\n<td>Pred. centralina automatica ATS<\/td>\n<td>No<\/td>\n<\/tr>\n<tr>\n<td>Indicatore livello carburante<\/td>\n<td>No<\/td>\n<\/tr>\n<tr>\n<td>Interruttore magnetotermico differenziale<\/td>\n<td>No<\/td>\n<\/tr>\n<tr>\n<td>Telecomando Wireless Start\/Stop<\/td>\n<td>OPTIONAL<\/td>\n<\/tr>\n<tr>\n<td>Funzione parallelo<\/td>\n<td>S\u00ec<\/td>\n<\/tr>\n<tr>\n<td>Kit Parallelo<\/td>\n<td>OPTIONAL<\/td>\n<\/tr>\n<tr>\n<td>Tecnologia corrente<\/td>\n<td><\/td>\n<\/tr>\n<tr>\n<td>Telaio<\/td>\n<td>Silenziato<\/td>\n<\/tr>\n<tr>\n<td>Funzione ECO<\/td>\n<td>S\u00ec<\/td>\n<\/tr>\n<\/tbody>\n<\/table>\n<\/div>\n<\/div>\n<\/div>\n<\/div>\n<\/div>\n<\/div>\n<\/div>\n<\/div>\n<\/div>\n<\/div>","protected":false},"excerpt":{"rendered":"<p>Il ZBG 2000 \u00e8 un generatore compatto e potente, perfetto per chi cerca portabilit\u00e0 e funzionalit\u00e0 avanzate. Con il radiocomando WSS per l\u2019avvio e lo spegnimento da remoto, \u00e8 possibile gestire l\u2019alimentazione a distanza, garantendo massima comodit\u00e0 in ogni situazione. Questo modello offre una soluzione pratica per usi domestici e hobbistici, unendo potenza e controllo.<\/p>\n<div class=\"klb-readmore button\"><a class=\"btn link\" href=\"https:\/\/teknobotanica.com\/en\/product\/generatore-zanetti-zbg-2000-ise\/\">Read More <i class=\"klbth-icon-right-arrow\"><\/i><\/a><\/div>","protected":false},"featured_media":4957,"comment_status":"open","ping_status":"closed","template":"","meta":[],"product_brand":[283],"product_cat":[419,410],"product_tag":[370,285,371],"class_list":{"0":"post-4953","1":"product","2":"type-product","3":"status-publish","4":"has-post-thumbnail","6":"product_brand-zanetti","7":"product_cat-accessori","8":"product_cat-ricambi-e-accessori","9":"product_tag-generatore","10":"product_tag-generatore-zanetti","11":"product_tag-zanetti","13":"first","14":"instock","15":"sale","16":"shipping-taxable","17":"purchasable","18":"product-type-simple"},"_links":{"self":[{"href":"https:\/\/teknobotanica.com\/en\/wp-json\/wp\/v2\/product\/4953","targetHints":{"allow":["GET"]}}],"collection":[{"href":"https:\/\/teknobotanica.com\/en\/wp-json\/wp\/v2\/product"}],"about":[{"href":"https:\/\/teknobotanica.com\/en\/wp-json\/wp\/v2\/types\/product"}],"replies":[{"embeddable":true,"href":"https:\/\/teknobotanica.com\/en\/wp-json\/wp\/v2\/comments?post=4953"}],"wp:featuredmedia":[{"embeddable":true,"href":"https:\/\/teknobotanica.com\/en\/wp-json\/wp\/v2\/media\/4957"}],"wp:attachment":[{"href":"https:\/\/teknobotanica.com\/en\/wp-json\/wp\/v2\/media?parent=4953"}],"wp:term":[{"taxonomy":"product_brand","embeddable":true,"href":"https:\/\/teknobotanica.com\/en\/wp-json\/wp\/v2\/product_brand?post=4953"},{"taxonomy":"product_cat","embeddable":true,"href":"https:\/\/teknobotanica.com\/en\/wp-json\/wp\/v2\/product_cat?post=4953"},{"taxonomy":"product_tag","embeddable":true,"href":"https:\/\/teknobotanica.com\/en\/wp-json\/wp\/v2\/product_tag?post=4953"}],"curies":[{"name":"wp","href":"https:\/\/api.w.org\/{rel}","templated":true}]}}