{"id":4965,"date":"2025-09-15T09:45:45","date_gmt":"2025-09-15T09:45:45","guid":{"rendered":"https:\/\/teknobotanica.com\/?post_type=product&#038;p=4965"},"modified":"2026-02-24T18:36:07","modified_gmt":"2026-02-24T18:36:07","slug":"camp-master-360-multifunzione-lubrificante-antiruggine-spray-sbloccante-spray","status":"publish","type":"product","link":"https:\/\/teknobotanica.com\/en\/product\/camp-master-360-multifunzione-lubrificante-antiruggine-spray-sbloccante-spray\/","title":{"rendered":"CAMP Master 360 Multifunzione &#8211; Lubrificante Antiruggine Spray, Sbloccante Spray"},"content":{"rendered":"<p class=\"a-size-base-plus a-text-bold\"><strong>Informazioni su questo articolo<\/strong><\/p>\n<ul class=\"a-unordered-list a-vertical a-spacing-mini\">\n<li class=\"a-spacing-mini\"><span class=\"a-list-item\">LUBRIFICANTE SPRAY MULTIFUNZIONE: Master 360 \u00e8 uno spray universale che combina propriet\u00e0 penetranti, idrorepellenti e antiusura per una manutenzione completa. Ideale per sbloccare meccanismi grippati, proteggere contro la ruggine e dissolvere residui di grasso, catrame e adesivi<\/span><\/li>\n<li class=\"a-spacing-mini\"><span class=\"a-list-item\">PROTEZIONE COMPLETA CONTRO GLI AGENTI ATMOSFERICI: La sua formula anticorrosione garantisce una difesa duratura contro polvere, usura e intemperie. Master 360 \u00e8 perfetto per preservare la funzionalit\u00e0 e l\u2019integrit\u00e0 di strumenti, componenti e attrezzature in ambienti ostili<\/span><\/li>\n<li class=\"a-spacing-mini\"><span class=\"a-list-item\">IDEALE PER MOLTEPLICI SETTORI: Adatto a molteplici applicazioni in meccanica, edilizia, agricoltura, nautica, sport, fai da te e altro ancora. Questo lubrificante universale \u00e8 un alleato indispensabile per professionisti e appassionati, garantendo risultati eccellenti in ogni contesto<\/span><\/li>\n<li class=\"a-spacing-mini\"><span class=\"a-list-item\">AZIONE RAPIDA E SEMPLICE DA USARE: Grazie alla sua capacit\u00e0 di penetrare rapidamente, Master 360 elimina attriti e cigolii con facilit\u00e0. Rimuove ossido, sporco, umidit\u00e0 e riattiva i contatti elettrici, ripristinando i valori di conducibilit\u00e0 originali<\/span><\/li>\n<li class=\"a-spacing-mini\"><span class=\"a-list-item\">CAMP, PASSIONE E INNOVAZIONE AL SERVIZIO DELLA QUALIT\u00c0: Camp nasce dall\u2019unione tra passione per la chimica e competenze consolidate, con una produzione 100% Made in Italy. Ogni fase, dalla selezione delle materie prime al confezionamento, \u00e8 curata nei nostri stabilimenti per garantirti il massimo controllo della qualit\u00e0 e rispondere alle tue esigenze<\/span><\/li>\n<\/ul>","protected":false},"excerpt":{"rendered":"<p>Informazioni su questo articolo LUBRIFICANTE SPRAY MULTIFUNZIONE: Master 360 \u00e8 uno spray universale che combina propriet\u00e0 penetranti, idrorepellenti e antiusura per una manutenzione completa. Ideale per sbloccare meccanismi grippati, proteggere contro la ruggine e dissolvere residui di grasso, catrame e adesivi PROTEZIONE COMPLETA CONTRO GLI AGENTI ATMOSFERICI: La sua formula anticorrosione garantisce una difesa duratura<\/p>\n<div class=\"klb-readmore button\"><a class=\"btn link\" href=\"https:\/\/teknobotanica.com\/en\/product\/camp-master-360-multifunzione-lubrificante-antiruggine-spray-sbloccante-spray\/\">Read More <i class=\"klbth-icon-right-arrow\"><\/i><\/a><\/div>","protected":false},"featured_media":4966,"comment_status":"open","ping_status":"closed","template":"","meta":[],"product_brand":[287],"product_cat":[433,410],"product_tag":[432,288],"class_list":{"0":"post-4965","1":"product","2":"type-product","3":"status-publish","4":"has-post-thumbnail","6":"product_brand-camp","7":"product_cat-lubrificanti","8":"product_cat-ricambi-e-accessori","9":"product_tag-lubrificanti","10":"product_tag-sbloccante-camp","12":"first","13":"instock","14":"sale","15":"shipping-taxable","16":"purchasable","17":"product-type-simple"},"_links":{"self":[{"href":"https:\/\/teknobotanica.com\/en\/wp-json\/wp\/v2\/product\/4965","targetHints":{"allow":["GET"]}}],"collection":[{"href":"https:\/\/teknobotanica.com\/en\/wp-json\/wp\/v2\/product"}],"about":[{"href":"https:\/\/teknobotanica.com\/en\/wp-json\/wp\/v2\/types\/product"}],"replies":[{"embeddable":true,"href":"https:\/\/teknobotanica.com\/en\/wp-json\/wp\/v2\/comments?post=4965"}],"wp:featuredmedia":[{"embeddable":true,"href":"https:\/\/teknobotanica.com\/en\/wp-json\/wp\/v2\/media\/4966"}],"wp:attachment":[{"href":"https:\/\/teknobotanica.com\/en\/wp-json\/wp\/v2\/media?parent=4965"}],"wp:term":[{"taxonomy":"product_brand","embeddable":true,"href":"https:\/\/teknobotanica.com\/en\/wp-json\/wp\/v2\/product_brand?post=4965"},{"taxonomy":"product_cat","embeddable":true,"href":"https:\/\/teknobotanica.com\/en\/wp-json\/wp\/v2\/product_cat?post=4965"},{"taxonomy":"product_tag","embeddable":true,"href":"https:\/\/teknobotanica.com\/en\/wp-json\/wp\/v2\/product_tag?post=4965"}],"curies":[{"name":"wp","href":"https:\/\/api.w.org\/{rel}","templated":true}]}}