{"id":4978,"date":"2025-09-20T09:23:44","date_gmt":"2025-09-20T09:23:44","guid":{"rendered":"https:\/\/teknobotanica.com\/?post_type=product&#038;p=4978"},"modified":"2026-02-24T18:35:46","modified_gmt":"2026-02-24T18:35:46","slug":"barra-motosega-stihl-rollomatic-es-light-63-cm-84-maglie-passo-3-8-16-mm","status":"publish","type":"product","link":"https:\/\/teknobotanica.com\/en\/product\/barra-motosega-stihl-rollomatic-es-light-63-cm-84-maglie-passo-3-8-16-mm\/","title":{"rendered":"Barra Motosega STIHL Rollomatic ES LIGHT 63 cm 84 maglie passo 3\/8 1,6 mm"},"content":{"rendered":"<div>\n<div class=\"ds-accordion_summary-content-wrapper_1cikf_260 ds-accordion_summary-content-wrapper--flush_1cikf_266\">\n<div class=\"ds-accordion_heading-summary-wrapper_1cikf_278\">\n<div class=\"ds-accordion_heading-summary_1cikf_278\"><strong>Dettagli<\/strong><\/div>\n<\/div>\n<\/div>\n<\/div>\n<div class=\"ds-accordion_content-wrapper_1cikf_340 ds-accordion_content-wrapper--flush_1cikf_346 ds-accordion_content-wrapper--small_1cikf_350\">\n<div class=\"m_infobox_product-detail__highlights-list\" data-test-id=\"pdp-highlight-box\">\n<ul class=\"m_infobox_product-detail__highlights-list__bulletlist\">\n<li class=\"m_infobox_product-detail__highlights-list__bulletlist-item\">Spranghe leggere per lavori professionali<\/li>\n<li class=\"m_infobox_product-detail__highlights-list__bulletlist-item\">Spranga leggera in acciaio speciale resistente all\u2019usura<\/li>\n<li class=\"m_infobox_product-detail__highlights-list__bulletlist-item\">Diversi tipi di utilizzo dalla raccolta del legno, dall\u2019intaglio al taglio della legna da ardere<\/li>\n<li class=\"m_infobox_product-detail__highlights-list__bulletlist-item\">Saldato con uno speciale processo laser per una maggiore sicurezza e protezione<\/li>\n<li class=\"m_infobox_product-detail__highlights-list__bulletlist-item\">Corpo cavo stabile e costruzione rigida superiore e inferiore<\/li>\n<li class=\"m_infobox_product-detail__highlights-list__bulletlist-item\">Testata della spranga completamente intercambiabile per un lavoro confortevole e flessibile<\/li>\n<li class=\"m_infobox_product-detail__highlights-list__bulletlist-item\">Esente da manutenzione grazie al cuscinetto chiuso sul pignone<\/li>\n<\/ul>\n<\/div>\n<\/div>","protected":false},"excerpt":{"rendered":"<h2>Massima leggerezza per prestazioni superiori<\/h2>\n<p>La barra professionale Stihl Rollomatic ES Light, con una lunghezza di 63 cm, \u00e8 progettata per gli utenti che richiedono precisione e maneggevolezza nei lavori di taglio e abbattimento intensivi. Rispetto alle barre tradizionali, questa incredibile barra \u00e8 pi\u00f9 leggera del 30%, permettendo una gestione pi\u00f9 agevole e meno faticosa durante l&#8217;uso prolungato. La leggerezza non sacrifica la resistenza: grazie alla sua costruzione robusta, questa barra garantisce affidabilit\u00e0 anche nelle condizioni pi\u00f9 impegnative.<\/p>\n<h2>Dettagli tecnici che fanno la differenza<\/h2>\n<p>Con 84 maglie, un passo di 3\/8&#8243; e uno spessore di 1,6 mm, la Stihl Rollomatic ES Light rappresenta il connubio perfetto di precisione e durata. Questi parametri tecnici sono pensati per ottimizzare le prestazioni delle motoseghe ad alte prestazioni, garantendo tagli netti e precisi anche nei lavori pi\u00f9 difficoltosi. Il design avanzato della barra riduce la tensione sull&#8217;operatore e consente una maggiore efficienza operativa.<\/p>\n<h2>Puntale sostituibile per maggiore longevit\u00e0<\/h2>\n<p>Un&#8217;altra caratteristica distintiva della Barra Stihl Rollomatic ES Light \u00e8 il puntale sostituibile. Quando il puntale si usura, \u00e8 possibile sostituirlo facilmente, prolungando cos\u00ec la vita utile della barra e riducendo la necessit\u00e0 di sostituzioni complete. Questa innovazione non solo consente di risparmiare tempo e denaro, ma assicura anche prestazioni costanti nel tempo.<\/p>\n<h2>Perfetta per lavori intensivi<\/h2>\n<p>Che si tratti di tagliare tronchi di grandi dimensioni o di abbattere alberi, questa barra \u00e8 la scelta ideale per gli utenti professionali e gli appassionati che cercano un prodotto affidabile e ad alte prestazioni. La sua progettazione avanzata ti offre precisione e durata, anche dopo ore di utilizzo. La Stihl Rollomatic ES Light \u00e8 la barra definitiva per accompagnarti nei lavori pi\u00f9 impegnativi.<\/p>","protected":false},"featured_media":4979,"comment_status":"open","ping_status":"closed","template":"","meta":[],"product_brand":[170],"product_cat":[436,410],"product_tag":[345,289,437],"class_list":{"0":"post-4978","1":"product","2":"type-product","3":"status-publish","4":"has-post-thumbnail","6":"product_brand-stihl","7":"product_cat-barre","8":"product_cat-ricambi-e-accessori","9":"product_tag-barra","10":"product_tag-barra-stihl","11":"product_tag-barre","12":"product_shipping_class-pacchi-leggeri","14":"first","15":"instock","16":"sale","17":"shipping-taxable","18":"purchasable","19":"product-type-simple"},"_links":{"self":[{"href":"https:\/\/teknobotanica.com\/en\/wp-json\/wp\/v2\/product\/4978","targetHints":{"allow":["GET"]}}],"collection":[{"href":"https:\/\/teknobotanica.com\/en\/wp-json\/wp\/v2\/product"}],"about":[{"href":"https:\/\/teknobotanica.com\/en\/wp-json\/wp\/v2\/types\/product"}],"replies":[{"embeddable":true,"href":"https:\/\/teknobotanica.com\/en\/wp-json\/wp\/v2\/comments?post=4978"}],"wp:featuredmedia":[{"embeddable":true,"href":"https:\/\/teknobotanica.com\/en\/wp-json\/wp\/v2\/media\/4979"}],"wp:attachment":[{"href":"https:\/\/teknobotanica.com\/en\/wp-json\/wp\/v2\/media?parent=4978"}],"wp:term":[{"taxonomy":"product_brand","embeddable":true,"href":"https:\/\/teknobotanica.com\/en\/wp-json\/wp\/v2\/product_brand?post=4978"},{"taxonomy":"product_cat","embeddable":true,"href":"https:\/\/teknobotanica.com\/en\/wp-json\/wp\/v2\/product_cat?post=4978"},{"taxonomy":"product_tag","embeddable":true,"href":"https:\/\/teknobotanica.com\/en\/wp-json\/wp\/v2\/product_tag?post=4978"}],"curies":[{"name":"wp","href":"https:\/\/api.w.org\/{rel}","templated":true}]}}