{"id":5146,"date":"2025-11-12T17:16:08","date_gmt":"2025-11-12T17:16:08","guid":{"rendered":"https:\/\/teknobotanica.com\/?post_type=product&#038;p=5146"},"modified":"2026-03-02T17:47:30","modified_gmt":"2026-03-02T17:47:30","slug":"olio-lubrificante-per-catene-stihl-bioplus-5-lt","status":"publish","type":"product","link":"https:\/\/teknobotanica.com\/en\/product\/olio-lubrificante-per-catene-stihl-bioplus-5-lt\/","title":{"rendered":"Olio Lubrificante per Catene STIHL BIOPLUS 5 lt"},"content":{"rendered":"<div>\n<div class=\"ds-accordion_summary-content-wrapper_1cikf_260 ds-accordion_summary-content-wrapper--flush_1cikf_266\">\n<div class=\"ds-accordion_heading-summary-wrapper_1cikf_278\">\n<div class=\"ds-accordion_heading-summary_1cikf_278\"><strong>Dettagli<\/strong><\/div>\n<\/div>\n<\/div>\n<\/div>\n<div class=\"ds-accordion_content-wrapper_1cikf_340 ds-accordion_content-wrapper--flush_1cikf_346 ds-accordion_content-wrapper--small_1cikf_350\">\n<div class=\"m_infobox_product-detail__highlights-list\" data-test-id=\"pdp-highlight-box\">\n<ul class=\"m_infobox_product-detail__highlights-list__bulletlist\">\n<li class=\"m_infobox_product-detail__highlights-list__bulletlist-item\">Oli catena particolarmente ecologici<\/li>\n<li class=\"m_infobox_product-detail__highlights-list__bulletlist-item\">Olio per catene a base vegetale rispettoso dell\u2019ambiente<\/li>\n<li class=\"m_infobox_product-detail__highlights-list__bulletlist-item\">Eccellenti propriet\u00e0 lubrificanti e adesive<\/li>\n<li class=\"m_infobox_product-detail__highlights-list__bulletlist-item\">Rapida biodegradazione nel suolo<\/li>\n<\/ul>\n<p class=\"product-details__title\"><strong>Ecologico e di alta qualit\u00e0<\/strong><\/p>\n<div class=\"product-details__description richtexteditor\">Particolarmente ecologico con ottime propriet\u00e0 lubrificanti e di adesione. L\u2019olio STIHL BioPlus si degrada nel terreno completamente e in brevissimo tempo, poich\u00e8 \u00e8 a base vegetale ( omologato secondo OECD 301 B). Per questo gli sono stati assegnati il marchio tedesco per la protezione dell\u2019ambiente \u201d Blauer Engel\u201d ( =Angelo Azzurro) ed il marchio europeo per l\u2019ambiente.<\/div>\n<\/div>\n<\/div>","protected":false},"excerpt":{"rendered":"<p>Dettagli Oli catena particolarmente ecologici Olio per catene a base vegetale rispettoso dell\u2019ambiente Eccellenti propriet\u00e0 lubrificanti e adesive Rapida biodegradazione nel suolo Ecologico e di alta qualit\u00e0 Particolarmente ecologico con ottime propriet\u00e0 lubrificanti e di adesione. L\u2019olio STIHL BioPlus si degrada nel terreno completamente e in brevissimo tempo, poich\u00e8 \u00e8 a base vegetale ( omologato<\/p>\n<div class=\"klb-readmore button\"><a class=\"btn link\" href=\"https:\/\/teknobotanica.com\/en\/product\/olio-lubrificante-per-catene-stihl-bioplus-5-lt\/\">Read More <i class=\"klbth-icon-right-arrow\"><\/i><\/a><\/div>","protected":false},"featured_media":5149,"comment_status":"open","ping_status":"closed","template":"","meta":[],"product_brand":[170],"product_cat":[433,536],"product_tag":[248,432,247],"class_list":{"0":"post-5146","1":"product","2":"type-product","3":"status-publish","4":"has-post-thumbnail","6":"product_brand-stihl","7":"product_cat-lubrificanti","8":"product_cat-promozione","9":"product_tag-bioplus","10":"product_tag-lubrificanti","11":"product_tag-olio-bioplus","12":"product_shipping_class-pacchi-leggeri","14":"first","15":"instock","16":"sale","17":"shipping-taxable","18":"purchasable","19":"product-type-simple"},"_links":{"self":[{"href":"https:\/\/teknobotanica.com\/en\/wp-json\/wp\/v2\/product\/5146","targetHints":{"allow":["GET"]}}],"collection":[{"href":"https:\/\/teknobotanica.com\/en\/wp-json\/wp\/v2\/product"}],"about":[{"href":"https:\/\/teknobotanica.com\/en\/wp-json\/wp\/v2\/types\/product"}],"replies":[{"embeddable":true,"href":"https:\/\/teknobotanica.com\/en\/wp-json\/wp\/v2\/comments?post=5146"}],"wp:featuredmedia":[{"embeddable":true,"href":"https:\/\/teknobotanica.com\/en\/wp-json\/wp\/v2\/media\/5149"}],"wp:attachment":[{"href":"https:\/\/teknobotanica.com\/en\/wp-json\/wp\/v2\/media?parent=5146"}],"wp:term":[{"taxonomy":"product_brand","embeddable":true,"href":"https:\/\/teknobotanica.com\/en\/wp-json\/wp\/v2\/product_brand?post=5146"},{"taxonomy":"product_cat","embeddable":true,"href":"https:\/\/teknobotanica.com\/en\/wp-json\/wp\/v2\/product_cat?post=5146"},{"taxonomy":"product_tag","embeddable":true,"href":"https:\/\/teknobotanica.com\/en\/wp-json\/wp\/v2\/product_tag?post=5146"}],"curies":[{"name":"wp","href":"https:\/\/api.w.org\/{rel}","templated":true}]}}