{"id":6259,"date":"2026-01-08T16:03:04","date_gmt":"2026-01-08T16:03:04","guid":{"rendered":"https:\/\/teknobotanica.com\/?post_type=product&#038;p=6259"},"modified":"2026-02-24T18:38:38","modified_gmt":"2026-02-24T18:38:38","slug":"supersgrassante-multiuso-camp-fast-concentrato-750-ml","status":"publish","type":"product","link":"https:\/\/teknobotanica.com\/en\/product\/supersgrassante-multiuso-camp-fast-concentrato-750-ml\/","title":{"rendered":"Supersgrassante Multiuso CAMP Fast Concentrato 750 ml"},"content":{"rendered":"<ul>\n<li><strong>Per ogni tipo di sporco<\/strong><\/li>\n<li>Lascia le <strong>superfici pulite e brillanti<\/strong><\/li>\n<li><strong>Azione rapida ed efficace<\/strong><\/li>\n<\/ul>\n<p>Innovativo detergente ad azione sgrassante e igienizzante. Agisce su ogni tipo di sporco, anche quello pi\u00f9 difficile. Rapido, efficace. Non \u00e8 infiammabile, non \u00e8 abrasivo, non contiene ammoniaca n\u00e9 fosfati. Contiene tensioattivi biodegradabili oltre il 90%.<\/p>\n<p><strong>APPLICAZIONI <\/strong><\/p>\n<p>Indispensabile per casa, lavoro, auto, moto, camper, bici, attrezzature sportive, nautica, campeggio, ecc. Pu\u00f2 essere utilizzato per la pulizia di tutte le superfici, compresi tessuti, tappeti e moquette. In campo professionale \u00e8 una soluzione di prima scelta in tutti i settori industriali.<\/p>","protected":false},"excerpt":{"rendered":"<p>Per ogni tipo di sporco Lascia le superfici pulite e brillanti Azione rapida ed efficace Innovativo detergente ad azione sgrassante e igienizzante. Agisce su ogni tipo di sporco, anche quello pi\u00f9 difficile. Rapido, efficace. Non \u00e8 infiammabile, non \u00e8 abrasivo, non contiene ammoniaca n\u00e9 fosfati. Contiene tensioattivi biodegradabili oltre il 90%. APPLICAZIONI Indispensabile per casa,<\/p>\n<div class=\"klb-readmore button\"><a class=\"btn link\" href=\"https:\/\/teknobotanica.com\/en\/product\/supersgrassante-multiuso-camp-fast-concentrato-750-ml\/\">Read More <i class=\"klbth-icon-right-arrow\"><\/i><\/a><\/div>","protected":false},"featured_media":6375,"comment_status":"open","ping_status":"closed","template":"","meta":[],"product_brand":[287],"product_cat":[434,410],"product_tag":[475,481,480,369],"class_list":{"0":"post-6259","1":"product","2":"type-product","3":"status-publish","4":"has-post-thumbnail","6":"product_brand-camp","7":"product_cat-manutenzione","8":"product_cat-ricambi-e-accessori","9":"product_tag-camp","10":"product_tag-fast","11":"product_tag-sgrassante","12":"product_tag-spray","13":"product_shipping_class-pacchi-leggeri","15":"first","16":"instock","17":"sale","18":"shipping-taxable","19":"purchasable","20":"product-type-simple"},"_links":{"self":[{"href":"https:\/\/teknobotanica.com\/en\/wp-json\/wp\/v2\/product\/6259","targetHints":{"allow":["GET"]}}],"collection":[{"href":"https:\/\/teknobotanica.com\/en\/wp-json\/wp\/v2\/product"}],"about":[{"href":"https:\/\/teknobotanica.com\/en\/wp-json\/wp\/v2\/types\/product"}],"replies":[{"embeddable":true,"href":"https:\/\/teknobotanica.com\/en\/wp-json\/wp\/v2\/comments?post=6259"}],"wp:featuredmedia":[{"embeddable":true,"href":"https:\/\/teknobotanica.com\/en\/wp-json\/wp\/v2\/media\/6375"}],"wp:attachment":[{"href":"https:\/\/teknobotanica.com\/en\/wp-json\/wp\/v2\/media?parent=6259"}],"wp:term":[{"taxonomy":"product_brand","embeddable":true,"href":"https:\/\/teknobotanica.com\/en\/wp-json\/wp\/v2\/product_brand?post=6259"},{"taxonomy":"product_cat","embeddable":true,"href":"https:\/\/teknobotanica.com\/en\/wp-json\/wp\/v2\/product_cat?post=6259"},{"taxonomy":"product_tag","embeddable":true,"href":"https:\/\/teknobotanica.com\/en\/wp-json\/wp\/v2\/product_tag?post=6259"}],"curies":[{"name":"wp","href":"https:\/\/api.w.org\/{rel}","templated":true}]}}