{"id":6299,"date":"2026-01-09T14:48:44","date_gmt":"2026-01-09T14:48:44","guid":{"rendered":"https:\/\/teknobotanica.com\/?post_type=product&#038;p=6299"},"modified":"2026-02-24T18:36:41","modified_gmt":"2026-02-24T18:36:41","slug":"catena-originale-stihl-rm3-pro-74-maglie-passo-325-spessore-16-mm","status":"publish","type":"product","link":"https:\/\/teknobotanica.com\/en\/product\/catena-originale-stihl-rm3-pro-74-maglie-passo-325-spessore-16-mm\/","title":{"rendered":"Catena originale STIHL RM3 Pro 74 Maglie &#8211; Passo 325&#8243; Spessore 1,6 MM"},"content":{"rendered":"<p class=\"a-size-base-plus a-text-bold\"><strong>Informazioni su questo articolo<\/strong><\/p>\n<ul class=\"a-unordered-list a-vertical a-spacing-mini\">\n<li class=\"a-spacing-mini\"><span class=\"a-list-item\">STIHL Rapid 325-1.6 Super Comfort (RSC) \u2013 Catena per motosega <\/span><\/li>\n<li class=\"a-spacing-mini\"><span class=\"a-list-item\">Passo: 325 | Spessore maglia: 1,6 mm <\/span><\/li>\n<li class=\"a-spacing-mini\"><span class=\"a-list-item\">Numero di maglie: 74<\/span><\/li>\n<li class=\"a-spacing-mini\"><span class=\"a-list-item\">La catena per motosega Rapid Super Comfort (RSC) \u00e8 una catena per sega ad alte prestazioni e robustezza di alta qualit\u00e0. \u00c8 caratterizzato da un\u2019elevata potenza di taglio e di taglio, basse vibrazioni, lunga durata, ridotta tendenza al contraccolpo e comportamento di taglio rapido ma morbido. La Stihl Rapid Super Comfort \u00e8 ideale per lavori di deasting, tagli longitudinali e offre anche nel settore del legno duro (anche legno congelato) la massima potenza di taglio.<\/span><\/li>\n<\/ul>","protected":false},"excerpt":{"rendered":"<p>Informazioni su questo articolo STIHL Rapid 325-1.6 Super Comfort (RSC) \u2013 Catena per motosega Passo: 325 | Spessore maglia: 1,6 mm Numero di maglie: 74 La catena per motosega Rapid Super Comfort (RSC) \u00e8 una catena per sega ad alte prestazioni e robustezza di alta qualit\u00e0. \u00c8 caratterizzato da un\u2019elevata potenza di taglio e di<\/p>\n<div class=\"klb-readmore button\"><a class=\"btn link\" href=\"https:\/\/teknobotanica.com\/en\/product\/catena-originale-stihl-rm3-pro-74-maglie-passo-325-spessore-16-mm\/\">Read More <i class=\"klbth-icon-right-arrow\"><\/i><\/a><\/div>","protected":false},"featured_media":6293,"comment_status":"open","ping_status":"closed","template":"","meta":[],"product_brand":[170],"product_cat":[439,410,447],"product_tag":[337,255,183],"class_list":{"0":"post-6299","1":"product","2":"type-product","3":"status-publish","4":"has-post-thumbnail","6":"product_brand-stihl","7":"product_cat-catene","8":"product_cat-ricambi-e-accessori","9":"product_cat-stihl","10":"product_tag-catena","11":"product_tag-catena-stihl","12":"product_tag-stihl","13":"product_shipping_class-pacchi-leggeri","15":"first","16":"instock","17":"sale","18":"shipping-taxable","19":"purchasable","20":"product-type-simple"},"_links":{"self":[{"href":"https:\/\/teknobotanica.com\/en\/wp-json\/wp\/v2\/product\/6299","targetHints":{"allow":["GET"]}}],"collection":[{"href":"https:\/\/teknobotanica.com\/en\/wp-json\/wp\/v2\/product"}],"about":[{"href":"https:\/\/teknobotanica.com\/en\/wp-json\/wp\/v2\/types\/product"}],"replies":[{"embeddable":true,"href":"https:\/\/teknobotanica.com\/en\/wp-json\/wp\/v2\/comments?post=6299"}],"wp:featuredmedia":[{"embeddable":true,"href":"https:\/\/teknobotanica.com\/en\/wp-json\/wp\/v2\/media\/6293"}],"wp:attachment":[{"href":"https:\/\/teknobotanica.com\/en\/wp-json\/wp\/v2\/media?parent=6299"}],"wp:term":[{"taxonomy":"product_brand","embeddable":true,"href":"https:\/\/teknobotanica.com\/en\/wp-json\/wp\/v2\/product_brand?post=6299"},{"taxonomy":"product_cat","embeddable":true,"href":"https:\/\/teknobotanica.com\/en\/wp-json\/wp\/v2\/product_cat?post=6299"},{"taxonomy":"product_tag","embeddable":true,"href":"https:\/\/teknobotanica.com\/en\/wp-json\/wp\/v2\/product_tag?post=6299"}],"curies":[{"name":"wp","href":"https:\/\/api.w.org\/{rel}","templated":true}]}}