{"id":6611,"date":"2026-01-25T16:36:29","date_gmt":"2026-01-25T16:36:29","guid":{"rendered":"https:\/\/teknobotanica.com\/?post_type=product&#038;p=6611"},"modified":"2026-02-24T18:38:10","modified_gmt":"2026-02-24T18:38:10","slug":"motosega-stihl-ms-261-c-m","status":"publish","type":"product","link":"https:\/\/teknobotanica.com\/en\/product\/motosega-stihl-ms-261-c-m\/","title":{"rendered":"Motosega STIHL MS 261 C-M"},"content":{"rendered":"<div class=\"product-details__description richtexteditor\">\n<p class=\"product-details__title\"><strong>MOTOSEGA UNIVERSALE CON M-TRONIC<\/strong><\/p>\n<div class=\"product-details__description richtexteditor\">\n<p>La motosega STIHL MS 261 C-M \u00e8 perfettamente equipaggiata per lavori forestali in boschi deboli e di media intensit\u00e0. Per questo, la motosega professionale \u00e8 progettata per un uso versatile. Con un rapporto peso\/potenza di 1,6 kg\/kW, puoi lavorare in modo particolarmente agile e resistente. In questo modo, puoi eseguire rapidamente ed efficacemente la sramatura e il taglio degli alberi. Anche<a href=\"https:\/\/www.stihl.it\/it\/professionisti\/potatura-professionale-degli-alberi\/cura-degli-alberi-professionale\" target=\"_blank\" rel=\"noopener\"><strong> l\u2019abbattimento di alberi <\/strong><\/a>sottili risulta facile.<\/p>\n<p>Il potente <a href=\"https:\/\/www.stihl.it\/it\/tecnologia-stihl\/motori-stihl\/motore-2-mix\" target=\"_blank\" rel=\"noopener\"><strong>motore STIHL 2-MIX <\/strong><\/a>da 3,0 kW (4,1 CV) fornisce la potenza necessaria con un basso consumo. Per lavorare rapidamente e con prestazioni ottimali del motore a velocit\u00e0 massima costante, questa motosega \u00e8 dotata di <a href=\"https:\/\/www.stihl.it\/it\/tecnologia-stihl\/sistemi-di-avviamento\/m-tronic\" target=\"_blank\" rel=\"noopener\"><strong>STIHL M-Tronic<\/strong><\/a>. Questo sistema supporta l\u2019avviamento e regola il momento di accensione e il dosaggio del carburante. La catena STIHL .325\u2033-RS Pro offre, insieme alla barra guida STIHL Light 04, un\u2019elevata capacit\u00e0 di taglio con un peso ridotto.<\/p>\n<p>Per garantire che tu possa utilizzare la potenza a lungo termine e con il minimo delle interruzioni, il sistema STIHL Ematic assicura che ogni goccia d\u2019olio arrivi esattamente dove \u00e8 necessaria. Il tempo di utilizzo \u00e8 inoltre prolungato dal sistema di filtraggio dell\u2019aria a lunga durata con pre-separazione e dal <a href=\"https:\/\/www.stihl.it\/it\/tecnologia-stihl\/motori-stihl\/sistema-di-filtraggio-dellaria-a-lungo-termine\" target=\"_blank\" rel=\"noopener\"><strong>filtro aria HD2<\/strong><\/a>. Questa dotazione garantisce che gli intervalli di manutenzione siano estesi.<\/p>\n<\/div>\n<p><strong>ATTENZIONE:<\/strong>\u00a0Questa motosega \u00e8 destinata esclusivamente a professionisti formati nella cura degli alberi. L\u2019uso senza una formazione adeguata pu\u00f2 causare gravi lesioni.<\/p>\n<\/div>\n<p class=\"m_product-specifications__headline\" data-test-id=\"pdp-specifications\"><strong>DATI TECNICI<\/strong><\/p>\n<div class=\"m_product-specifications__table\">\n<table data-test-id=\"pdp-spec-tech-table\">\n<tbody>\n<tr>\n<td>Cilindrata<\/td>\n<td>50.2 cm\u00b3<\/td>\n<\/tr>\n<tr>\n<td>Potenza<\/td>\n<td>3 kW<\/td>\n<\/tr>\n<tr>\n<td>Potenza<\/td>\n<td>4.10 CV<\/td>\n<\/tr>\n<tr>\n<td>CO2<\/td>\n<td>705 g\/kWh<\/td>\n<\/tr>\n<tr>\n<td>Peso unitario senza carburante<\/td>\n<td>4.9 kg <sup>1)<\/sup><\/td>\n<\/tr>\n<tr>\n<td>Peso del sistema senza carburante<\/td>\n<td>5.80 \/ 5.92 kg <sup>2)<\/sup><\/td>\n<\/tr>\n<tr>\n<td>Rapporto peso\/potenza<\/td>\n<td>1.60 kg\/kW<\/td>\n<\/tr>\n<tr>\n<td>Lunghezza della spranga<\/td>\n<td>40 \/ 45 cm <sup>3)<\/sup><\/td>\n<\/tr>\n<tr>\n<td>Larghezza della scanalatura<\/td>\n<td>1.30 mm<\/td>\n<\/tr>\n<tr>\n<td>Passo catena<\/td>\n<td>.325\u2033<\/td>\n<\/tr>\n<tr>\n<td>Lunghezza del dispositivo con arresto ad artiglio<\/td>\n<td>448 mm <sup>1)<\/sup><\/td>\n<\/tr>\n<tr>\n<td>Livello di pressione acustica<\/td>\n<td>105 dB(A) <sup>4)<\/sup><\/td>\n<\/tr>\n<tr>\n<td>Livello di potenza acustica<\/td>\n<td>114 dB(A) <sup>4)<\/sup><\/td>\n<\/tr>\n<tr>\n<td>Valore vibratorio sinistra<\/td>\n<td>3.5 m\/s\u00b2 <sup>5)<\/sup><\/td>\n<\/tr>\n<tr>\n<td>Valore vibratorio destra<\/td>\n<td>3.5 m\/s\u00b2 <sup>5)<\/sup><\/td>\n<\/tr>\n<\/tbody>\n<\/table>\n<\/div>\n<p>\u00a0<\/p>","protected":false},"excerpt":{"rendered":"<p>MOTOSEGA UNIVERSALE CON M-TRONIC La motosega STIHL MS 261 C-M \u00e8 perfettamente equipaggiata per lavori forestali in boschi deboli e di media intensit\u00e0. Per questo, la motosega professionale \u00e8 progettata per un uso versatile. Con un rapporto peso\/potenza di 1,6 kg\/kW, puoi lavorare in modo particolarmente agile e resistente. In questo modo, puoi eseguire rapidamente<\/p>\n<div class=\"klb-readmore button\"><a class=\"btn link\" href=\"https:\/\/teknobotanica.com\/en\/product\/motosega-stihl-ms-261-c-m\/\">Read More <i class=\"klbth-icon-right-arrow\"><\/i><\/a><\/div>","protected":false},"featured_media":6612,"comment_status":"open","ping_status":"closed","template":"","meta":[],"product_brand":[170],"product_cat":[411,413,447],"product_tag":[193,499,183],"class_list":{"0":"post-6611","1":"product","2":"type-product","3":"status-publish","4":"has-post-thumbnail","6":"product_brand-stihl","7":"product_cat-macchine","8":"product_cat-motoseghe","9":"product_cat-stihl","10":"product_tag-motosega","11":"product_tag-motosega-261-cm","12":"product_tag-stihl","14":"first","15":"instock","16":"sale","17":"shipping-taxable","18":"purchasable","19":"product-type-simple"},"_links":{"self":[{"href":"https:\/\/teknobotanica.com\/en\/wp-json\/wp\/v2\/product\/6611","targetHints":{"allow":["GET"]}}],"collection":[{"href":"https:\/\/teknobotanica.com\/en\/wp-json\/wp\/v2\/product"}],"about":[{"href":"https:\/\/teknobotanica.com\/en\/wp-json\/wp\/v2\/types\/product"}],"replies":[{"embeddable":true,"href":"https:\/\/teknobotanica.com\/en\/wp-json\/wp\/v2\/comments?post=6611"}],"wp:featuredmedia":[{"embeddable":true,"href":"https:\/\/teknobotanica.com\/en\/wp-json\/wp\/v2\/media\/6612"}],"wp:attachment":[{"href":"https:\/\/teknobotanica.com\/en\/wp-json\/wp\/v2\/media?parent=6611"}],"wp:term":[{"taxonomy":"product_brand","embeddable":true,"href":"https:\/\/teknobotanica.com\/en\/wp-json\/wp\/v2\/product_brand?post=6611"},{"taxonomy":"product_cat","embeddable":true,"href":"https:\/\/teknobotanica.com\/en\/wp-json\/wp\/v2\/product_cat?post=6611"},{"taxonomy":"product_tag","embeddable":true,"href":"https:\/\/teknobotanica.com\/en\/wp-json\/wp\/v2\/product_tag?post=6611"}],"curies":[{"name":"wp","href":"https:\/\/api.w.org\/{rel}","templated":true}]}}