{"id":6803,"date":"2026-03-02T10:04:51","date_gmt":"2026-03-02T10:04:51","guid":{"rendered":"https:\/\/teknobotanica.com\/?post_type=product&#038;p=6803"},"modified":"2026-03-02T10:12:24","modified_gmt":"2026-03-02T10:12:24","slug":"decespugliatore-giocattolo-stihl-batteria-inclusa","status":"publish","type":"product","link":"https:\/\/teknobotanica.com\/en\/product\/decespugliatore-giocattolo-stihl-batteria-inclusa\/","title":{"rendered":"Decespugliatore Giocattolo STIHL (Batteria inclusa)"},"content":{"rendered":"<p>Il decespugliatore giocattolo \u00e8 la cosa giusta per tutti i bambini che amano stare all\u2019aria aperta.<\/p>\n<p>Il decespugliatore a batteria \u00e8 regolabile in altezza e anche il manico pu\u00f2 essere regolato individualmente.<\/p>\n<p>Il coltello giocattolo si illumina di colore quando \u00e8 in uso.<\/p>\n<p>In questo modo il decespugliatore garantir\u00e0 molti anni di divertimento.<\/p>","protected":false},"excerpt":{"rendered":"<p>Il decespugliatore giocattolo \u00e8 la cosa giusta per tutti i bambini che amano stare all\u2019aria aperta. Il decespugliatore a batteria \u00e8 regolabile in altezza e anche il manico pu\u00f2 essere regolato individualmente. Il coltello giocattolo si illumina di colore quando \u00e8 in uso. In questo modo il decespugliatore garantir\u00e0 molti anni di divertimento.<\/p>","protected":false},"featured_media":6804,"comment_status":"open","ping_status":"closed","template":"","meta":[],"product_brand":[170],"product_cat":[533],"product_tag":[534,535,183],"class_list":{"0":"post-6803","1":"product","2":"type-product","3":"status-publish","4":"has-post-thumbnail","6":"product_brand-stihl","7":"product_cat-bambini","8":"product_tag-bambini","9":"product_tag-giocattoli","10":"product_tag-stihl","11":"product_shipping_class-pacchi-leggeri","13":"first","14":"instock","15":"sale","16":"shipping-taxable","17":"purchasable","18":"product-type-simple"},"_links":{"self":[{"href":"https:\/\/teknobotanica.com\/en\/wp-json\/wp\/v2\/product\/6803","targetHints":{"allow":["GET"]}}],"collection":[{"href":"https:\/\/teknobotanica.com\/en\/wp-json\/wp\/v2\/product"}],"about":[{"href":"https:\/\/teknobotanica.com\/en\/wp-json\/wp\/v2\/types\/product"}],"replies":[{"embeddable":true,"href":"https:\/\/teknobotanica.com\/en\/wp-json\/wp\/v2\/comments?post=6803"}],"wp:featuredmedia":[{"embeddable":true,"href":"https:\/\/teknobotanica.com\/en\/wp-json\/wp\/v2\/media\/6804"}],"wp:attachment":[{"href":"https:\/\/teknobotanica.com\/en\/wp-json\/wp\/v2\/media?parent=6803"}],"wp:term":[{"taxonomy":"product_brand","embeddable":true,"href":"https:\/\/teknobotanica.com\/en\/wp-json\/wp\/v2\/product_brand?post=6803"},{"taxonomy":"product_cat","embeddable":true,"href":"https:\/\/teknobotanica.com\/en\/wp-json\/wp\/v2\/product_cat?post=6803"},{"taxonomy":"product_tag","embeddable":true,"href":"https:\/\/teknobotanica.com\/en\/wp-json\/wp\/v2\/product_tag?post=6803"}],"curies":[{"name":"wp","href":"https:\/\/api.w.org\/{rel}","templated":true}]}}